 {"id":5551,"date":"2015-07-03T01:40:31","date_gmt":"2015-07-02T23:40:31","guid":{"rendered":"http:\/\/www.enfoco.es\/es\/?page_id=5551"},"modified":"2015-07-03T11:04:28","modified_gmt":"2015-07-03T09:04:28","slug":"plato-grabacion","status":"publish","type":"page","link":"https:\/\/www.enfoco.es\/es\/plato-grabacion\/","title":{"rendered":"Im\u00e1genes Plat\u00f3 Grabaci\u00f3n"},"content":{"rendered":"<div class=\"thumbnails-shortcode gridblock-columns-wrap clearfix\"><ul class=\"gridblock-one\"><li class=\"clearfix\"><\/li><li class=\"gridblock-element gridblock-col-1\"><span class=\"gridblock-thumbnail-image-wrap\"><span class=\"gridblock-link-hover\"><a href=\"Espacio polivalente de 200 metros cuadrados para rodar v\u00eddeo, fotograf\u00eda, grabar sonido, organizar reuniones o presentaciones de producto.\" target=\"_blank\"><span class=\"hover-icon-effect column-gridblock-download-link column-gridblock-link\"><i class=\"icon-download\"><\/i><\/span><\/a><a rel=\"prettyPhoto[portfolio]\" class=\"thumbnail-shortcode-columns\" title=\"Plat\u00f3 de Grabaci\u00f3n\" href=\"https:\/\/www.enfoco.es\/es\/wp-content\/uploads\/2015\/07\/L1030062.jpg\"><span class=\"hover-icon-effect column-gridblock-link gridblock-link-center\"><i class=\"icon-plus\"><\/i><\/span><\/a><\/span><span class=\"gridblock-background-hover\"><\/span>\t\t\t<img decoding=\"async\" class=\"displayed-image lazyload\" data-src=\"https:\/\/www.enfoco.es\/es\/wp-content\/uploads\/2015\/07\/L1030062-1200x675.jpg\" alt=\"\" src=\"data:image\/svg+xml;base64,PHN2ZyB3aWR0aD0iMSIgaGVpZ2h0PSIxIiB4bWxucz0iaHR0cDovL3d3dy53My5vcmcvMjAwMC9zdmciPjwvc3ZnPg==\" style=\"--smush-placeholder-width: 1200px; --smush-placeholder-aspect-ratio: 1200\/675;\">\n\t\t\t<\/span><div class=\"work-details\"><h4>Plat\u00f3 de Grabaci\u00f3n<\/h4><\/div>\t\t<\/li>\n\t\t\t<li class=\"clearfix\"><\/li><li class=\"gridblock-element gridblock-col-1\"><span class=\"gridblock-thumbnail-image-wrap\"><span class=\"gridblock-link-hover\"><a href=\"\" target=\"_blank\"><span class=\"hover-icon-effect column-gridblock-download-link column-gridblock-link\"><i class=\"icon-download\"><\/i><\/span><\/a><a rel=\"prettyPhoto[portfolio]\" class=\"thumbnail-shortcode-columns\" title=\"Plat\u00f3 de Grabaci\u00f3n\" href=\"https:\/\/www.enfoco.es\/es\/wp-content\/uploads\/2015\/07\/L1030063.jpg\"><span class=\"hover-icon-effect column-gridblock-link gridblock-link-center\"><i class=\"icon-plus\"><\/i><\/span><\/a><\/span><span class=\"gridblock-background-hover\"><\/span>\t\t\t<img decoding=\"async\" class=\"displayed-image lazyload\" data-src=\"https:\/\/www.enfoco.es\/es\/wp-content\/uploads\/2015\/07\/L1030063-1200x675.jpg\" alt=\"\" src=\"data:image\/svg+xml;base64,PHN2ZyB3aWR0aD0iMSIgaGVpZ2h0PSIxIiB4bWxucz0iaHR0cDovL3d3dy53My5vcmcvMjAwMC9zdmciPjwvc3ZnPg==\" style=\"--smush-placeholder-width: 1200px; --smush-placeholder-aspect-ratio: 1200\/675;\">\n\t\t\t<\/span><div class=\"work-details\"><h4>Plat\u00f3 de Grabaci\u00f3n<\/h4><\/div>\t\t<\/li>\n\t\t\t<li class=\"clearfix\"><\/li><li class=\"gridblock-element gridblock-col-1\"><span class=\"gridblock-thumbnail-image-wrap\"><span class=\"gridblock-link-hover\"><a href=\"Iluminamos eventos corporativos e institucionales, iluminaci\u00f3n arquitectural e iluminaci\u00f3n para television y cine.\" target=\"_blank\"><span class=\"hover-icon-effect column-gridblock-download-link column-gridblock-link\"><i class=\"icon-download\"><\/i><\/span><\/a><a rel=\"prettyPhoto[portfolio]\" class=\"thumbnail-shortcode-columns\" title=\"Estudio Iluminaci\u00f3n\" href=\"https:\/\/www.enfoco.es\/es\/wp-content\/uploads\/2015\/07\/L1030061.jpg\"><span class=\"hover-icon-effect column-gridblock-link gridblock-link-center\"><i class=\"icon-plus\"><\/i><\/span><\/a><\/span><span class=\"gridblock-background-hover\"><\/span>\t\t\t<img decoding=\"async\" class=\"displayed-image lazyload\" data-src=\"https:\/\/www.enfoco.es\/es\/wp-content\/uploads\/2015\/07\/L1030061-1200x675.jpg\" alt=\"\" src=\"data:image\/svg+xml;base64,PHN2ZyB3aWR0aD0iMSIgaGVpZ2h0PSIxIiB4bWxucz0iaHR0cDovL3d3dy53My5vcmcvMjAwMC9zdmciPjwvc3ZnPg==\" style=\"--smush-placeholder-width: 1200px; --smush-placeholder-aspect-ratio: 1200\/675;\">\n\t\t\t<\/span><div class=\"work-details\"><h4>Estudio Iluminaci\u00f3n<\/h4><\/div>\t\t<\/li>\n\t\t\t<li class=\"clearfix\"><\/li><li class=\"gridblock-element gridblock-col-1\"><span class=\"gridblock-thumbnail-image-wrap\"><span class=\"gridblock-link-hover\"><a href=\"\" target=\"_blank\"><span class=\"hover-icon-effect column-gridblock-download-link column-gridblock-link\"><i class=\"icon-download\"><\/i><\/span><\/a><a rel=\"prettyPhoto[portfolio]\" class=\"thumbnail-shortcode-columns\" title=\"Maquillaje\" href=\"https:\/\/www.enfoco.es\/es\/wp-content\/uploads\/2015\/07\/L1030068.jpg\"><span class=\"hover-icon-effect column-gridblock-link gridblock-link-center\"><i class=\"icon-plus\"><\/i><\/span><\/a><\/span><span class=\"gridblock-background-hover\"><\/span>\t\t\t<img decoding=\"async\" class=\"displayed-image lazyload\" data-src=\"https:\/\/www.enfoco.es\/es\/wp-content\/uploads\/2015\/07\/L1030068-1200x675.jpg\" alt=\"\" src=\"data:image\/svg+xml;base64,PHN2ZyB3aWR0aD0iMSIgaGVpZ2h0PSIxIiB4bWxucz0iaHR0cDovL3d3dy53My5vcmcvMjAwMC9zdmciPjwvc3ZnPg==\" style=\"--smush-placeholder-width: 1200px; --smush-placeholder-aspect-ratio: 1200\/675;\">\n\t\t\t<\/span><div class=\"work-details\"><h4>Maquillaje<\/h4><\/div>\t\t<\/li>\n\t\t\t<li class=\"clearfix\"><\/li><li class=\"gridblock-element gridblock-col-1\"><span class=\"gridblock-thumbnail-image-wrap\"><span class=\"gridblock-link-hover\"><a href=\"\" target=\"_blank\"><span class=\"hover-icon-effect column-gridblock-download-link column-gridblock-link\"><i class=\"icon-download\"><\/i><\/span><\/a><a rel=\"prettyPhoto[portfolio]\" class=\"thumbnail-shortcode-columns\" title=\"Camerinos\" href=\"https:\/\/www.enfoco.es\/es\/wp-content\/uploads\/2015\/07\/L1030066.jpg\"><span class=\"hover-icon-effect column-gridblock-link gridblock-link-center\"><i class=\"icon-plus\"><\/i><\/span><\/a><\/span><span class=\"gridblock-background-hover\"><\/span>\t\t\t<img decoding=\"async\" class=\"displayed-image lazyload\" data-src=\"https:\/\/www.enfoco.es\/es\/wp-content\/uploads\/2015\/07\/L1030066-1200x675.jpg\" alt=\"\" src=\"data:image\/svg+xml;base64,PHN2ZyB3aWR0aD0iMSIgaGVpZ2h0PSIxIiB4bWxucz0iaHR0cDovL3d3dy53My5vcmcvMjAwMC9zdmciPjwvc3ZnPg==\" style=\"--smush-placeholder-width: 1200px; --smush-placeholder-aspect-ratio: 1200\/675;\">\n\t\t\t<\/span><div class=\"work-details\"><h4>Camerinos<\/h4><\/div>\t\t<\/li>\n\t\t\t<li class=\"clearfix\"><\/li><li class=\"gridblock-element gridblock-col-1\"><span class=\"gridblock-thumbnail-image-wrap\"><span class=\"gridblock-link-hover\"><a href=\"\" target=\"_blank\"><span class=\"hover-icon-effect column-gridblock-download-link column-gridblock-link\"><i class=\"icon-download\"><\/i><\/span><\/a><a rel=\"prettyPhoto[portfolio]\" class=\"thumbnail-shortcode-columns\" title=\"zona producci\u00f3n\" href=\"https:\/\/www.enfoco.es\/es\/wp-content\/uploads\/2015\/07\/L1030072.jpg\"><span class=\"hover-icon-effect column-gridblock-link gridblock-link-center\"><i class=\"icon-plus\"><\/i><\/span><\/a><\/span><span class=\"gridblock-background-hover\"><\/span>\t\t\t<img decoding=\"async\" class=\"displayed-image lazyload\" data-src=\"https:\/\/www.enfoco.es\/es\/wp-content\/uploads\/2015\/07\/L1030072-1200x675.jpg\" alt=\"\" src=\"data:image\/svg+xml;base64,PHN2ZyB3aWR0aD0iMSIgaGVpZ2h0PSIxIiB4bWxucz0iaHR0cDovL3d3dy53My5vcmcvMjAwMC9zdmciPjwvc3ZnPg==\" style=\"--smush-placeholder-width: 1200px; --smush-placeholder-aspect-ratio: 1200\/675;\">\n\t\t\t<\/span><div class=\"work-details\"><h4>zona producci\u00f3n<\/h4><\/div>\t\t<\/li>\n\t\t\t<li class=\"clearfix\"><\/li><li class=\"gridblock-element gridblock-col-1\"><span class=\"gridblock-thumbnail-image-wrap\"><span class=\"gridblock-link-hover\"><a href=\"\" target=\"_blank\"><span class=\"hover-icon-effect column-gridblock-download-link column-gridblock-link\"><i class=\"icon-download\"><\/i><\/span><\/a><a rel=\"prettyPhoto[portfolio]\" class=\"thumbnail-shortcode-columns\" title=\"Camerinos\" href=\"https:\/\/www.enfoco.es\/es\/wp-content\/uploads\/2015\/07\/L1030067.jpg\"><span class=\"hover-icon-effect column-gridblock-link gridblock-link-center\"><i class=\"icon-plus\"><\/i><\/span><\/a><\/span><span class=\"gridblock-background-hover\"><\/span>\t\t\t<img decoding=\"async\" class=\"displayed-image lazyload\" data-src=\"https:\/\/www.enfoco.es\/es\/wp-content\/uploads\/2015\/07\/L1030067-1200x675.jpg\" alt=\"\" src=\"data:image\/svg+xml;base64,PHN2ZyB3aWR0aD0iMSIgaGVpZ2h0PSIxIiB4bWxucz0iaHR0cDovL3d3dy53My5vcmcvMjAwMC9zdmciPjwvc3ZnPg==\" style=\"--smush-placeholder-width: 1200px; --smush-placeholder-aspect-ratio: 1200\/675;\">\n\t\t\t<\/span><div class=\"work-details\"><h4>Camerinos<\/h4><\/div>\t\t<\/li>\n\t\t\t<li class=\"clearfix\"><\/li><li class=\"gridblock-element gridblock-col-1\"><span class=\"gridblock-thumbnail-image-wrap\"><span class=\"gridblock-link-hover\"><a href=\"\" target=\"_blank\"><span class=\"hover-icon-effect column-gridblock-download-link column-gridblock-link\"><i class=\"icon-download\"><\/i><\/span><\/a><a rel=\"prettyPhoto[portfolio]\" class=\"thumbnail-shortcode-columns\" title=\"Cuadro el\u00e9ctrico\" href=\"https:\/\/www.enfoco.es\/es\/wp-content\/uploads\/2015\/07\/L1030065.jpg\"><span class=\"hover-icon-effect column-gridblock-link gridblock-link-center\"><i class=\"icon-plus\"><\/i><\/span><\/a><\/span><span class=\"gridblock-background-hover\"><\/span>\t\t\t<img decoding=\"async\" class=\"displayed-image lazyload\" data-src=\"https:\/\/www.enfoco.es\/es\/wp-content\/uploads\/2015\/07\/L1030065-1200x675.jpg\" alt=\"\" src=\"data:image\/svg+xml;base64,PHN2ZyB3aWR0aD0iMSIgaGVpZ2h0PSIxIiB4bWxucz0iaHR0cDovL3d3dy53My5vcmcvMjAwMC9zdmciPjwvc3ZnPg==\" style=\"--smush-placeholder-width: 1200px; --smush-placeholder-aspect-ratio: 1200\/675;\">\n\t\t\t<\/span><div class=\"work-details\"><h4>Cuadro el\u00e9ctrico<\/h4><\/div>\t\t<\/li>\n\t\t\t\t\t<\/ul>\n\t\t<\/div>\n\n\n","protected":false},"excerpt":{"rendered":"","protected":false},"author":1,"featured_media":0,"parent":0,"menu_order":0,"comment_status":"open","ping_status":"open","template":"","meta":{"footnotes":""},"class_list":["post-5551","page","type-page","status-publish","hentry"],"yoast_head":"<!-- This site is optimized with the Yoast SEO plugin v25.6 - https:\/\/yoast.com\/wordpress\/plugins\/seo\/ -->\n<title>Im\u00e1genes Plat\u00f3 Grabaci\u00f3n - Enfoco<\/title>\n<meta name=\"robots\" content=\"index, follow, max-snippet:-1, max-image-preview:large, max-video-preview:-1\" \/>\n<link rel=\"canonical\" href=\"https:\/\/www.enfoco.es\/es\/plato-grabacion\/\" \/>\n<meta property=\"og:locale\" content=\"es_ES\" \/>\n<meta property=\"og:type\" content=\"article\" \/>\n<meta property=\"og:title\" content=\"Im\u00e1genes Plat\u00f3 Grabaci\u00f3n - Enfoco\" \/>\n<meta property=\"og:url\" content=\"https:\/\/www.enfoco.es\/es\/plato-grabacion\/\" \/>\n<meta property=\"og:site_name\" content=\"Enfoco\" \/>\n<meta property=\"article:modified_time\" content=\"2015-07-03T09:04:28+00:00\" \/>\n<meta name=\"twitter:card\" content=\"summary_large_image\" \/>\n<script type=\"application\/ld+json\" class=\"yoast-schema-graph\">{\"@context\":\"https:\/\/schema.org\",\"@graph\":[{\"@type\":\"WebPage\",\"@id\":\"https:\/\/www.enfoco.es\/es\/plato-grabacion\/\",\"url\":\"https:\/\/www.enfoco.es\/es\/plato-grabacion\/\",\"name\":\"Im\u00e1genes Plat\u00f3 Grabaci\u00f3n - Enfoco\",\"isPartOf\":{\"@id\":\"https:\/\/www.enfoco.es\/es\/#website\"},\"datePublished\":\"2015-07-02T23:40:31+00:00\",\"dateModified\":\"2015-07-03T09:04:28+00:00\",\"breadcrumb\":{\"@id\":\"https:\/\/www.enfoco.es\/es\/plato-grabacion\/#breadcrumb\"},\"inLanguage\":\"es\",\"potentialAction\":[{\"@type\":\"ReadAction\",\"target\":[\"https:\/\/www.enfoco.es\/es\/plato-grabacion\/\"]}]},{\"@type\":\"BreadcrumbList\",\"@id\":\"https:\/\/www.enfoco.es\/es\/plato-grabacion\/#breadcrumb\",\"itemListElement\":[{\"@type\":\"ListItem\",\"position\":1,\"name\":\"Portada\",\"item\":\"https:\/\/www.enfoco.es\/es\/\"},{\"@type\":\"ListItem\",\"position\":2,\"name\":\"Im\u00e1genes Plat\u00f3 Grabaci\u00f3n\"}]},{\"@type\":\"WebSite\",\"@id\":\"https:\/\/www.enfoco.es\/es\/#website\",\"url\":\"https:\/\/www.enfoco.es\/es\/\",\"name\":\"Enfoco\",\"description\":\"Iluminaci\u00f3n y Estudio de Grabaci\u00f3n\",\"potentialAction\":[{\"@type\":\"SearchAction\",\"target\":{\"@type\":\"EntryPoint\",\"urlTemplate\":\"https:\/\/www.enfoco.es\/es\/?s={search_term_string}\"},\"query-input\":{\"@type\":\"PropertyValueSpecification\",\"valueRequired\":true,\"valueName\":\"search_term_string\"}}],\"inLanguage\":\"es\"}]}<\/script>\n<!-- \/ Yoast SEO plugin. -->","yoast_head_json":{"title":"Im\u00e1genes Plat\u00f3 Grabaci\u00f3n - Enfoco","robots":{"index":"index","follow":"follow","max-snippet":"max-snippet:-1","max-image-preview":"max-image-preview:large","max-video-preview":"max-video-preview:-1"},"canonical":"https:\/\/www.enfoco.es\/es\/plato-grabacion\/","og_locale":"es_ES","og_type":"article","og_title":"Im\u00e1genes Plat\u00f3 Grabaci\u00f3n - Enfoco","og_url":"https:\/\/www.enfoco.es\/es\/plato-grabacion\/","og_site_name":"Enfoco","article_modified_time":"2015-07-03T09:04:28+00:00","twitter_card":"summary_large_image","schema":{"@context":"https:\/\/schema.org","@graph":[{"@type":"WebPage","@id":"https:\/\/www.enfoco.es\/es\/plato-grabacion\/","url":"https:\/\/www.enfoco.es\/es\/plato-grabacion\/","name":"Im\u00e1genes Plat\u00f3 Grabaci\u00f3n - Enfoco","isPartOf":{"@id":"https:\/\/www.enfoco.es\/es\/#website"},"datePublished":"2015-07-02T23:40:31+00:00","dateModified":"2015-07-03T09:04:28+00:00","breadcrumb":{"@id":"https:\/\/www.enfoco.es\/es\/plato-grabacion\/#breadcrumb"},"inLanguage":"es","potentialAction":[{"@type":"ReadAction","target":["https:\/\/www.enfoco.es\/es\/plato-grabacion\/"]}]},{"@type":"BreadcrumbList","@id":"https:\/\/www.enfoco.es\/es\/plato-grabacion\/#breadcrumb","itemListElement":[{"@type":"ListItem","position":1,"name":"Portada","item":"https:\/\/www.enfoco.es\/es\/"},{"@type":"ListItem","position":2,"name":"Im\u00e1genes Plat\u00f3 Grabaci\u00f3n"}]},{"@type":"WebSite","@id":"https:\/\/www.enfoco.es\/es\/#website","url":"https:\/\/www.enfoco.es\/es\/","name":"Enfoco","description":"Iluminaci\u00f3n y Estudio de Grabaci\u00f3n","potentialAction":[{"@type":"SearchAction","target":{"@type":"EntryPoint","urlTemplate":"https:\/\/www.enfoco.es\/es\/?s={search_term_string}"},"query-input":{"@type":"PropertyValueSpecification","valueRequired":true,"valueName":"search_term_string"}}],"inLanguage":"es"}]}},"_links":{"self":[{"href":"https:\/\/www.enfoco.es\/es\/wp-json\/wp\/v2\/pages\/5551"}],"collection":[{"href":"https:\/\/www.enfoco.es\/es\/wp-json\/wp\/v2\/pages"}],"about":[{"href":"https:\/\/www.enfoco.es\/es\/wp-json\/wp\/v2\/types\/page"}],"author":[{"embeddable":true,"href":"https:\/\/www.enfoco.es\/es\/wp-json\/wp\/v2\/users\/1"}],"replies":[{"embeddable":true,"href":"https:\/\/www.enfoco.es\/es\/wp-json\/wp\/v2\/comments?post=5551"}],"version-history":[{"count":9,"href":"https:\/\/www.enfoco.es\/es\/wp-json\/wp\/v2\/pages\/5551\/revisions"}],"predecessor-version":[{"id":5567,"href":"https:\/\/www.enfoco.es\/es\/wp-json\/wp\/v2\/pages\/5551\/revisions\/5567"}],"wp:attachment":[{"href":"https:\/\/www.enfoco.es\/es\/wp-json\/wp\/v2\/media?parent=5551"}],"curies":[{"name":"wp","href":"https:\/\/api.w.org\/{rel}","templated":true}]}}