 {"id":5534,"date":"2015-07-02T21:26:32","date_gmt":"2015-07-02T19:26:32","guid":{"rendered":"http:\/\/www.enfoco.es\/es\/?page_id=5534"},"modified":"2015-07-03T01:03:01","modified_gmt":"2015-07-02T23:03:01","slug":"iluminacion","status":"publish","type":"page","link":"https:\/\/www.enfoco.es\/es\/iluminacion\/","title":{"rendered":"Iluminaci\u00f3n"},"content":{"rendered":"<div class=\"service-column service-column-3 service-boxes-icon-with-title alignicon-top alignicon-top-horizontal serviceboxes-horizontal clearfix\">\n<div class=\"service-item clearfix\"><div class=\"service-icon\"><i style=\"color:#dd3333;border-color:#dd3333;\" class=\"is-animated fontawesome in-circle icon-4x icon-user\"><\/i><\/div><div class=\"service-content\"><h4>Eventos corporativos e institucionales<\/h4><div class=\"service-details\"> 25 a\u00f1os creando una atm\u00f3sfera especial en eventos institucionales, congresos y convenciones para las marcas y Compa\u00f1\u00edas m\u00e1s relevantes dentro y fuera de Espa\u00f1a. <\/div><\/div><\/div>\n<div class=\"service-item service-item-space\"><div class=\"service-icon\"><i style=\"color:#dd3333;border-color:#dd3333;\" class=\"is-animated fontawesome in-circle icon-4x icon-home\"><\/i><\/div><div class=\"service-content\"><h4>Iluminaci\u00f3n arquitectural<\/h4><div class=\"service-details\"> Dise\u00f1o de iluminaci\u00f3n en todo tipo de espacios de contenido cultural, exposiciones, monumentos, arquitectura fija o ef\u00edmera. <\/div><\/div><\/div>\n<div class=\"service-item service-item-space\"><div class=\"service-icon\"><i style=\"color:#dd3333;border-color:#dd3333;\" class=\"is-animated fontawesome in-circle icon-4x icon-film\"><\/i><\/div><div class=\"service-content\"><h4>Ficci\u00f3n y entretenimiento<\/h4><div class=\"service-details\"> Somos un equipo de confianza, altamente cualificado para iluminar grandes producciones cinematogr\u00e1ficas dentro y fuera de Espa\u00f1a. Participamos en las series de TV de mayor \u00e9xito de nuestro pa\u00eds en colaboraci\u00f3n con las productoras m\u00e1s destacadas. <\/div><\/div><\/div>\n<\/div>\n<p>&nbsp;<\/p>\n<div class=\"skillbar clearfix \" data-percent=\"65\"><div style=\"background-color:#eeee22;\" class=\"skillbar-title\"><span>Eventos Corporativos<\/span><\/div><div style=\"background-color:#eeee22;\" class=\"skillbar-bar\"><div class=\"skill-bar-percent\">65%<\/div><\/div><\/div>\n<div class=\"skillbar clearfix \" data-percent=\"75\"><div style=\"background-color:#EC3939;\" class=\"skillbar-title\"><span>Iluminaci\u00f3n arquitectural<\/span><\/div><div style=\"background-color:#EC3939;\" class=\"skillbar-bar\"><div class=\"skill-bar-percent\">75%<\/div><\/div><\/div>\n<div class=\"skillbar clearfix \" data-percent=\"85\"><div style=\"background-color:#8224e3;\" class=\"skillbar-title\"><span>Ficci\u00f3n y entretenimiento<\/span><\/div><div style=\"background-color:#8224e3;\" class=\"skillbar-bar\"><div class=\"skill-bar-percent\">85%<\/div><\/div><\/div>\n<p>&nbsp;<\/p>\n<p>&nbsp;<\/p>\n","protected":false},"excerpt":{"rendered":"<p>&nbsp; &nbsp; &nbsp;<\/p>\n","protected":false},"author":1,"featured_media":0,"parent":0,"menu_order":0,"comment_status":"open","ping_status":"open","template":"","meta":{"footnotes":""},"class_list":["post-5534","page","type-page","status-publish","hentry"],"yoast_head":"<!-- This site is optimized with the Yoast SEO plugin v25.6 - https:\/\/yoast.com\/wordpress\/plugins\/seo\/ -->\n<title>Iluminaci\u00f3n - Enfoco<\/title>\n<meta name=\"robots\" content=\"index, follow, max-snippet:-1, max-image-preview:large, max-video-preview:-1\" \/>\n<link rel=\"canonical\" href=\"https:\/\/www.enfoco.es\/es\/iluminacion\/\" \/>\n<meta property=\"og:locale\" content=\"es_ES\" \/>\n<meta property=\"og:type\" content=\"article\" \/>\n<meta property=\"og:title\" content=\"Iluminaci\u00f3n - Enfoco\" \/>\n<meta property=\"og:description\" content=\"&nbsp; &nbsp; &nbsp;\" \/>\n<meta property=\"og:url\" content=\"https:\/\/www.enfoco.es\/es\/iluminacion\/\" \/>\n<meta property=\"og:site_name\" content=\"Enfoco\" \/>\n<meta property=\"article:modified_time\" content=\"2015-07-02T23:03:01+00:00\" \/>\n<meta name=\"twitter:card\" content=\"summary_large_image\" \/>\n<meta name=\"twitter:label1\" content=\"Tiempo de lectura\" \/>\n\t<meta name=\"twitter:data1\" content=\"1 minuto\" \/>\n<script type=\"application\/ld+json\" class=\"yoast-schema-graph\">{\"@context\":\"https:\/\/schema.org\",\"@graph\":[{\"@type\":\"WebPage\",\"@id\":\"https:\/\/www.enfoco.es\/es\/iluminacion\/\",\"url\":\"https:\/\/www.enfoco.es\/es\/iluminacion\/\",\"name\":\"Iluminaci\u00f3n - Enfoco\",\"isPartOf\":{\"@id\":\"https:\/\/www.enfoco.es\/es\/#website\"},\"datePublished\":\"2015-07-02T19:26:32+00:00\",\"dateModified\":\"2015-07-02T23:03:01+00:00\",\"breadcrumb\":{\"@id\":\"https:\/\/www.enfoco.es\/es\/iluminacion\/#breadcrumb\"},\"inLanguage\":\"es\",\"potentialAction\":[{\"@type\":\"ReadAction\",\"target\":[\"https:\/\/www.enfoco.es\/es\/iluminacion\/\"]}]},{\"@type\":\"BreadcrumbList\",\"@id\":\"https:\/\/www.enfoco.es\/es\/iluminacion\/#breadcrumb\",\"itemListElement\":[{\"@type\":\"ListItem\",\"position\":1,\"name\":\"Portada\",\"item\":\"https:\/\/www.enfoco.es\/es\/\"},{\"@type\":\"ListItem\",\"position\":2,\"name\":\"Iluminaci\u00f3n\"}]},{\"@type\":\"WebSite\",\"@id\":\"https:\/\/www.enfoco.es\/es\/#website\",\"url\":\"https:\/\/www.enfoco.es\/es\/\",\"name\":\"Enfoco\",\"description\":\"Iluminaci\u00f3n y Estudio de Grabaci\u00f3n\",\"potentialAction\":[{\"@type\":\"SearchAction\",\"target\":{\"@type\":\"EntryPoint\",\"urlTemplate\":\"https:\/\/www.enfoco.es\/es\/?s={search_term_string}\"},\"query-input\":{\"@type\":\"PropertyValueSpecification\",\"valueRequired\":true,\"valueName\":\"search_term_string\"}}],\"inLanguage\":\"es\"}]}<\/script>\n<!-- \/ Yoast SEO plugin. -->","yoast_head_json":{"title":"Iluminaci\u00f3n - Enfoco","robots":{"index":"index","follow":"follow","max-snippet":"max-snippet:-1","max-image-preview":"max-image-preview:large","max-video-preview":"max-video-preview:-1"},"canonical":"https:\/\/www.enfoco.es\/es\/iluminacion\/","og_locale":"es_ES","og_type":"article","og_title":"Iluminaci\u00f3n - Enfoco","og_description":"&nbsp; &nbsp; &nbsp;","og_url":"https:\/\/www.enfoco.es\/es\/iluminacion\/","og_site_name":"Enfoco","article_modified_time":"2015-07-02T23:03:01+00:00","twitter_card":"summary_large_image","twitter_misc":{"Tiempo de lectura":"1 minuto"},"schema":{"@context":"https:\/\/schema.org","@graph":[{"@type":"WebPage","@id":"https:\/\/www.enfoco.es\/es\/iluminacion\/","url":"https:\/\/www.enfoco.es\/es\/iluminacion\/","name":"Iluminaci\u00f3n - Enfoco","isPartOf":{"@id":"https:\/\/www.enfoco.es\/es\/#website"},"datePublished":"2015-07-02T19:26:32+00:00","dateModified":"2015-07-02T23:03:01+00:00","breadcrumb":{"@id":"https:\/\/www.enfoco.es\/es\/iluminacion\/#breadcrumb"},"inLanguage":"es","potentialAction":[{"@type":"ReadAction","target":["https:\/\/www.enfoco.es\/es\/iluminacion\/"]}]},{"@type":"BreadcrumbList","@id":"https:\/\/www.enfoco.es\/es\/iluminacion\/#breadcrumb","itemListElement":[{"@type":"ListItem","position":1,"name":"Portada","item":"https:\/\/www.enfoco.es\/es\/"},{"@type":"ListItem","position":2,"name":"Iluminaci\u00f3n"}]},{"@type":"WebSite","@id":"https:\/\/www.enfoco.es\/es\/#website","url":"https:\/\/www.enfoco.es\/es\/","name":"Enfoco","description":"Iluminaci\u00f3n y Estudio de Grabaci\u00f3n","potentialAction":[{"@type":"SearchAction","target":{"@type":"EntryPoint","urlTemplate":"https:\/\/www.enfoco.es\/es\/?s={search_term_string}"},"query-input":{"@type":"PropertyValueSpecification","valueRequired":true,"valueName":"search_term_string"}}],"inLanguage":"es"}]}},"_links":{"self":[{"href":"https:\/\/www.enfoco.es\/es\/wp-json\/wp\/v2\/pages\/5534"}],"collection":[{"href":"https:\/\/www.enfoco.es\/es\/wp-json\/wp\/v2\/pages"}],"about":[{"href":"https:\/\/www.enfoco.es\/es\/wp-json\/wp\/v2\/types\/page"}],"author":[{"embeddable":true,"href":"https:\/\/www.enfoco.es\/es\/wp-json\/wp\/v2\/users\/1"}],"replies":[{"embeddable":true,"href":"https:\/\/www.enfoco.es\/es\/wp-json\/wp\/v2\/comments?post=5534"}],"version-history":[{"count":5,"href":"https:\/\/www.enfoco.es\/es\/wp-json\/wp\/v2\/pages\/5534\/revisions"}],"predecessor-version":[{"id":5540,"href":"https:\/\/www.enfoco.es\/es\/wp-json\/wp\/v2\/pages\/5534\/revisions\/5540"}],"wp:attachment":[{"href":"https:\/\/www.enfoco.es\/es\/wp-json\/wp\/v2\/media?parent=5534"}],"curies":[{"name":"wp","href":"https:\/\/api.w.org\/{rel}","templated":true}]}}